{"id":720,"date":"2025-03-19T13:15:07","date_gmt":"2025-03-19T13:15:07","guid":{"rendered":"https:\/\/ihr-advisors.com\/areas-of-practice\/"},"modified":"2025-09-25T12:26:18","modified_gmt":"2025-09-25T11:26:18","slug":"what-we-do","status":"publish","type":"page","link":"https:\/\/ihr-advisors.com\/es\/what-we-do\/","title":{"rendered":"Qu\u00e9 hacemos"},"content":{"rendered":"<article id=\"sections\" class=\"sections\" data-page-sections=\"5ee09d5c955eaa484013d523\">\n<section class=\"page-section layout-engine-section background-width--full-bleed section-height--small content-width--wide horizontal-alignment--center vertical-alignment--middle light-bold\" data-test=\"page-section\" data-section-theme=\"light-bold\" data-section-id=\"5ee09d5c955eaa484013d528\" data-controller=\"SectionWrapperController\" data-current-styles=\"{ &quot;imageOverlayOpacity&quot;: 0.15, &quot;backgroundWidth&quot;: &quot;background-width--full-bleed&quot;, &quot;sectionHeight&quot;: &quot;section-height--small&quot;, &quot;horizontalAlignment&quot;: &quot;horizontal-alignment--center&quot;, &quot;verticalAlignment&quot;: &quot;vertical-alignment--middle&quot;, &quot;contentWidth&quot;: &quot;content-width--wide&quot;, &quot;sectionTheme&quot;: &quot;light-bold&quot;, &quot;sectionAnimation&quot;: &quot;none&quot;, &quot;backgroundMode&quot;: &quot;image&quot; }\" data-current-context=\"{ &quot;video&quot;: { &quot;playbackSpeed&quot;: 0.5, &quot;filter&quot;: 1, &quot;filterStrength&quot;: 0, &quot;zoom&quot;: 0, &quot;videoSourceProvider&quot;: &quot;none&quot; }, &quot;backgroundImageId&quot;: null, &quot;backgroundMediaEffect&quot;: null, &quot;divider&quot;: null, &quot;typeName&quot;: null }\" data-animation=\"none\">\n<div class=\"section-border\">\n<div class=\"section-background\"><\/div>\n<\/div>\n<div class=\"content-wrapper\">\n<div class=\"content\">\n<div id=\"page-section-5ee09d5c955eaa484013d528\" class=\"sqs-layout sqs-grid-12 columns-12\" data-type=\"page-section\">\n<div class=\"row sqs-row\">\n<div class=\"col sqs-col-12 span-12\">\n<div id=\"block-307539153d2d0dbfc2c2\" class=\"sqs-block html-block sqs-block-html\" data-block-type=\"2\">\n<div class=\"sqs-block-content\">\n<div class=\"sqs-html-content\">\n<h2 style=\"white-space: pre-wrap;\">C\u00f3mo podemos ayudarle<\/h2>\n<p class=\"sqsrte-large\" style=\"white-space: pre-wrap;\">We manage litigation and campaigns, and represent our clients on any issue from submissions to the UN, cross-border fraud cases, to reputation management. We are experts in communicating our clients\u2019 message to realise their ambitions. We recognise that the legal process is much more to our clients than a successful outcome in the courts.<\/p>\n<\/div>\n<\/div>\n<\/div>\n<div id=\"block-04442e6ec99f8f3f774c\" class=\"sqs-block spacer-block sqs-block-spacer sized vsize-1\" data-block-type=\"21\">\n<div class=\"sqs-block-content\"><\/div>\n<\/div>\n<div class=\"row sqs-row\">\n<div class=\"col sqs-col-4 span-4\">\n<div id=\"block-a0f9494f1a80d74c176f\" class=\"sqs-block html-block sqs-block-html\" data-block-type=\"2\">\n<div class=\"sqs-block-content\">\n<div class=\"sqs-html-content\">\n<h4 style=\"white-space: pre-wrap;\"><strong>Derecho internacional<\/strong><\/h4>\n<p class=\"\" style=\"white-space: pre-wrap;\">We advise governments, individuals and NGOs on the most serious matters in international law.\u00a0 We believe in a robust, analytical approach in defending the rights of individuals, whatever the allegation and wherever the jurisdiction.<\/p>\n<p class=\"\" style=\"white-space: pre-wrap;\">We are intimately familiar with international courts and tribunals in the Hague, the United Nations and elsewhere.\u00a0 We provide legal advice and representation in all matters of international law and related fields.\u00a0 We provide advice on litigation strategy in complex international disputes, working with teams of lawyers and experts.<\/p>\n<\/div>\n<\/div>\n<\/div>\n<\/div>\n<div class=\"col sqs-col-4 span-4\">\n<div id=\"block-a0143ccc8b7f8dbe046e\" class=\"sqs-block html-block sqs-block-html\" data-block-type=\"2\">\n<div class=\"sqs-block-content\">\n<div class=\"sqs-html-content\">\n<h4 style=\"white-space: pre-wrap;\"><strong>Legal and Litigation Campaigns<\/strong><\/h4>\n<p class=\"\" style=\"white-space: pre-wrap;\">We have a record of success for governments, leaders and members of the public. We tailor campaigns to suit our clients\u2019 needs, focusing specifically on how the media campaign can complement the legal work.<\/p>\n<p class=\"\" style=\"white-space: pre-wrap;\">We offer media training, campaign management, event organisation and overarching strategic communications advice. Our specialist experience in devising legal and litigation PR campaigns gives our clients unparalleled public support and success.<\/p>\n<\/div>\n<\/div>\n<\/div>\n<\/div>\n<div class=\"col sqs-col-4 span-4\">\n<div id=\"block-7882b6d9873ec21ae273\" class=\"sqs-block html-block sqs-block-html\" data-block-type=\"2\">\n<div class=\"sqs-block-content\">\n<div class=\"sqs-html-content\">\n<h4 style=\"white-space: pre-wrap;\"><strong>Crisis and Reputation Management<\/strong><\/h4>\n<p class=\"\" style=\"white-space: pre-wrap;\">Legal remedies alone can&#8217;t restore a tarnished reputation, nor do they fully reverse an injustice when public opinion remains unchanged. We recognise, in cases of clear and continuing injustice, that effective communication can be as powerful as legal recourse. At the outset of any engagement, we work with clients to understand the reputational effects of the case &#8211; not just for them, but for their opponents and other parties &#8211; and build a protective reputation-management strategy around the legal proceedings.<\/p>\n<p class=\"\" style=\"white-space: pre-wrap;\">We operate a full crisis-response service, encompassing media relations and real-time, legally integrated messaging development. We have assisted in the release of loved ones detained in foreign nations; secured compensation for torture and rendition; brought international attention and pressure on governments on behalf of persecuted groups.<\/p>\n<p class=\"\" style=\"white-space: pre-wrap;\">\n<\/div>\n<\/div>\n<\/div>\n<\/div>\n<\/div>\n<\/div>\n<\/div>\n<\/div>\n<\/div>\n<\/div>\n<\/section>\n<section class=\"page-section layout-engine-section background-width--full-bleed section-height--medium content-width--medium horizontal-alignment--center vertical-alignment--middle\" data-test=\"page-section\" data-section-theme=\"\" data-section-id=\"5ee9f19a87d3586650546a7f\" data-controller=\"SectionWrapperController\" data-current-styles=\"{ &quot;imageOverlayOpacity&quot;: 0.15, &quot;backgroundWidth&quot;: &quot;background-width--full-bleed&quot;, &quot;sectionHeight&quot;: &quot;section-height--medium&quot;, &quot;horizontalAlignment&quot;: &quot;horizontal-alignment--center&quot;, &quot;verticalAlignment&quot;: &quot;vertical-alignment--middle&quot;, &quot;contentWidth&quot;: &quot;content-width--medium&quot;, &quot;sectionAnimation&quot;: &quot;none&quot;, &quot;backgroundMode&quot;: &quot;image&quot; }\" data-current-context=\"{ &quot;video&quot;: { &quot;playbackSpeed&quot;: 0.5, &quot;filter&quot;: 1, &quot;filterStrength&quot;: 0, &quot;zoom&quot;: 0, &quot;videoSourceProvider&quot;: &quot;none&quot; }, &quot;backgroundImageId&quot;: null, &quot;backgroundMediaEffect&quot;: null, &quot;divider&quot;: null, &quot;typeName&quot;: null }\" data-animation=\"none\">\n<div class=\"section-border\">\n<div class=\"section-background\"><\/div>\n<\/div>\n<div class=\"content-wrapper\">\n<div class=\"content\">\n<div id=\"page-section-5ee9f19a87d3586650546a7f\" class=\"sqs-layout sqs-grid-12 columns-12\" data-type=\"page-section\">\n<div class=\"row sqs-row\">\n<div class=\"col sqs-col-12 span-12\">\n<div id=\"block-99b16604396b41845ee4\" class=\"sqs-block html-block sqs-block-html\" data-block-type=\"2\">\n<div class=\"sqs-block-content\">\n<div class=\"sqs-html-content\">\n<h2 style=\"text-align: center; white-space: pre-wrap;\">Casos pr\u00e1cticos<\/h2>\n<\/div>\n<\/div>\n<\/div>\n<div id=\"block-f49d12fe6fa079726397\" class=\"sqs-block spacer-block sqs-block-spacer sized vsize-1\" data-block-type=\"21\">\n<div class=\"sqs-block-content\"><\/div>\n<\/div>\n<div class=\"row sqs-row\">\n<div class=\"col sqs-col-6 span-6\">\n<div id=\"block-2f322af3ae44bca53e5a\" class=\"sqs-block html-block sqs-block-html\" data-block-type=\"2\">\n<div class=\"sqs-block-content\">\n<div class=\"sqs-html-content\">\n<h4 style=\"white-space: pre-wrap;\">Interpol Red Notice<\/h4>\n<\/div>\n<\/div>\n<\/div>\n<div id=\"block-yui_3_17_2_1_1592390273298_14088\" class=\"sqs-block horizontalrule-block sqs-block-horizontalrule\" data-block-type=\"47\">\n<div class=\"sqs-block-content\">\n<hr \/>\n<\/div>\n<\/div>\n<div id=\"block-yui_3_17_2_1_1592390273298_14148\" class=\"sqs-block html-block sqs-block-html\" data-block-type=\"2\">\n<div class=\"sqs-block-content\">\n<div class=\"sqs-html-content\">\n<p class=\"\" style=\"white-space: pre-wrap;\">We provided strategic advice and representation for a high net worth individual involved in multi-jurisdictional and high profile litigation. Amongst other things, we were asked to ensure the removal of a politically motivated Interpol red notice. We developed a detailed communications strategy in the international media, made legal submissions to Interpol, liaising with local lawyers. We were able to demonstrate that criminal allegations underpinning the Interpol Red Notice had been manipulated by the rivals in the litigation, leading to the successful removal of the Interpol red notice.<\/p>\n<h4 style=\"white-space: pre-wrap;\">Detenci\u00f3n arbitraria<\/h4>\n<\/div>\n<\/div>\n<\/div>\n<div id=\"block-yui_3_17_2_1_1592390273298_11518\" class=\"sqs-block horizontalrule-block sqs-block-horizontalrule\" data-block-type=\"47\">\n<div class=\"sqs-block-content\">\n<hr \/>\n<\/div>\n<\/div>\n<div id=\"block-yui_3_17_2_1_1592390273298_11578\" class=\"sqs-block html-block sqs-block-html\" data-block-type=\"2\">\n<div class=\"sqs-block-content\">\n<div class=\"sqs-html-content\">\n<p class=\"\" style=\"white-space: pre-wrap;\">We were approached by the families of a group of individuals who were suddenly detained incommunicado, and without trial. We sent legal submissions to the United Nations Special Procedures Mechanisms and Special Rapporteurs about their case. We engaged NGOs and other relevant organisation to create publicity about their case and raise the issue in the media. We lobbied politicians and consular officials to intervene. The issue was raised to a level of international discussion and significance.<\/p>\n<\/div>\n<\/div>\n<\/div>\n<\/div>\n<div class=\"col sqs-col-6 span-6\">\n<div id=\"block-5e08c951774eafd421cd\" class=\"sqs-block html-block sqs-block-html\" data-block-type=\"2\">\n<div class=\"sqs-block-content\">\n<div class=\"sqs-html-content\">\n<h4 style=\"white-space: pre-wrap;\">Campaign for Freedom<\/h4>\n<\/div>\n<\/div>\n<\/div>\n<div id=\"block-yui_3_17_2_1_1592390273298_13001\" class=\"sqs-block horizontalrule-block sqs-block-horizontalrule\" data-block-type=\"47\">\n<div class=\"sqs-block-content\">\n<hr \/>\n<\/div>\n<\/div>\n<div id=\"block-yui_3_17_2_1_1592390273298_13061\" class=\"sqs-block html-block sqs-block-html\" data-block-type=\"2\">\n<div class=\"sqs-block-content\">\n<div class=\"sqs-html-content\">\n<p class=\"\" style=\"white-space: pre-wrap;\">A UK national had been suddenly and aggressively detained abroad with false espionage allegations made against him. After several months, efforts through diplomats failed to secure his freedom. We then mounted a large-scale international media campaign, with the support of his family and other former detainees, in order to put pressure on both the British Government to do more to secure his release, as well as increase pressure on the country that had detained him. After two months of intense campaigning, the individual was freed and returned to the UK.<\/p>\n<h4 style=\"white-space: pre-wrap;\">Reputation Management<\/h4>\n<\/div>\n<\/div>\n<\/div>\n<div id=\"block-yui_3_17_2_1_1592390273298_10611\" class=\"sqs-block horizontalrule-block sqs-block-horizontalrule\" data-block-type=\"47\">\n<div class=\"sqs-block-content\">\n<hr \/>\n<\/div>\n<\/div>\n<div id=\"block-yui_3_17_2_1_1592390273298_10672\" class=\"sqs-block html-block sqs-block-html\" data-block-type=\"2\">\n<div class=\"sqs-block-content\">\n<div class=\"sqs-html-content\">\n<p class=\"\" style=\"white-space: pre-wrap;\">A negative PR campaign had been mounted against our client, a political actor, alleging financial and sexual impropriety to undermine him. This resulted in restrictions being imposed on him by a hostile government, stopping him from travelling and carrying out his business. We gathered international political support and managed a communications strategy to undermine the false allegations. We launched defamation proceedings against false articles. As result, our client was allowed to travel and continue his business and the negative publicity was neutralised.<\/p>\n<\/div>\n<\/div>\n<\/div>\n<\/div>\n<\/div>\n<div id=\"block-f98faaefa5ad0b8baf5c\" class=\"sqs-block spacer-block sqs-block-spacer sized vsize-1\" data-block-type=\"21\">\n<div class=\"sqs-block-content\"><\/div>\n<\/div>\n<div id=\"block-5021cc025a314a320b19\" class=\"sqs-block button-block sqs-block-button\" data-block-type=\"53\">\n<div class=\"sqs-block-content\">\n<div class=\"sqs-block-button-container sqs-block-button-container--center\" data-animation-role=\"button\" data-alignment=\"center\" data-button-size=\"medium\" data-button-type=\"primary\"><a class=\"sqs-block-button-element--medium sqs-button-element--primary sqs-block-button-element\" href=\"\/es\/contact-us\/\"><br \/>\nGet in Touch<br \/>\n<\/a><\/div>\n<\/div>\n<\/div>\n<\/div>\n<\/div>\n<\/div>\n<\/div>\n<\/div>\n<\/section>\n<\/article>","protected":false},"excerpt":{"rendered":"<p>How We Can Help We manage litigation and campaigns, and represent our clients on any issue from submissions to the UN, cross-border fraud cases, to reputation management. We are experts in communicating our clients\u2019 message to realise their ambitions. We recognise that the legal process is much more to our clients than a successful outcome [&hellip;]<\/p>\n","protected":false},"author":4,"featured_media":1040,"parent":0,"menu_order":0,"comment_status":"closed","ping_status":"closed","template":"","meta":{"_acf_changed":false,"footnotes":""},"class_list":["post-720","page","type-page","status-publish","has-post-thumbnail","hentry"],"acf":[],"yoast_head":"<!-- This site is optimized with the Yoast SEO plugin v27.4 - https:\/\/yoast.com\/product\/yoast-seo-wordpress\/ -->\n<title>International Law | Sanctions | Interpol Defense | IHR Advisors<\/title>\n<meta name=\"description\" content=\"We advise governments, organisations, and individuals on some of the world\u2019s most complex legal and political challenges.\" \/>\n<meta name=\"robots\" content=\"index, follow, max-snippet:-1, max-image-preview:large, max-video-preview:-1\" \/>\n<link rel=\"canonical\" href=\"https:\/\/ihr-advisors.com\/es\/what-we-do\/\" \/>\n<meta property=\"og:locale\" content=\"es_ES\" \/>\n<meta property=\"og:type\" content=\"article\" \/>\n<meta property=\"og:title\" content=\"International Law | Sanctions | Interpol Defense | IHR Advisors\" \/>\n<meta property=\"og:description\" content=\"How We Can Help We manage litigation and campaigns, and represent our clients on any issue from submissions to the UN, cross-border fraud cases, to reputation management. We are experts in communicating our clients\u2019 message to realise their ambitions. We recognise that the legal process is much more to our clients than a successful outcome [&hellip;]\" \/>\n<meta property=\"og:url\" content=\"https:\/\/ihr-advisors.com\/es\/what-we-do\/\" \/>\n<meta property=\"og:site_name\" content=\"IHR Advisors\" \/>\n<meta property=\"article:modified_time\" content=\"2025-09-25T11:26:18+00:00\" \/>\n<meta property=\"og:image\" content=\"https:\/\/ihr-advisors.com\/wp-content\/uploads\/2025\/03\/32f0e127-9792-4979-a74d-fa7446320076-1024x683.png\" \/>\n\t<meta property=\"og:image:width\" content=\"1024\" \/>\n\t<meta property=\"og:image:height\" content=\"683\" \/>\n\t<meta property=\"og:image:type\" content=\"image\/png\" \/>\n<meta name=\"twitter:card\" content=\"summary_large_image\" \/>\n<meta name=\"twitter:label1\" content=\"Tiempo de lectura\" \/>\n\t<meta name=\"twitter:data1\" content=\"4 minutos\" \/>\n<script type=\"application\/ld+json\" class=\"yoast-schema-graph\">{\"@context\":\"https:\\\/\\\/schema.org\",\"@graph\":[{\"@type\":\"WebPage\",\"@id\":\"https:\\\/\\\/ihr-advisors.com\\\/what-we-do\\\/\",\"url\":\"https:\\\/\\\/ihr-advisors.com\\\/what-we-do\\\/\",\"name\":\"International Law | Sanctions | Interpol Defense | IHR Advisors\",\"isPartOf\":{\"@id\":\"https:\\\/\\\/ihr-advisors.com\\\/#website\"},\"primaryImageOfPage\":{\"@id\":\"https:\\\/\\\/ihr-advisors.com\\\/what-we-do\\\/#primaryimage\"},\"image\":{\"@id\":\"https:\\\/\\\/ihr-advisors.com\\\/what-we-do\\\/#primaryimage\"},\"thumbnailUrl\":\"https:\\\/\\\/ihr-advisors.com\\\/wp-content\\\/uploads\\\/2025\\\/03\\\/32f0e127-9792-4979-a74d-fa7446320076.png\",\"datePublished\":\"2025-03-19T13:15:07+00:00\",\"dateModified\":\"2025-09-25T11:26:18+00:00\",\"breadcrumb\":{\"@id\":\"https:\\\/\\\/ihr-advisors.com\\\/what-we-do\\\/#breadcrumb\"},\"inLanguage\":\"es\",\"potentialAction\":[{\"@type\":\"ReadAction\",\"target\":[\"https:\\\/\\\/ihr-advisors.com\\\/what-we-do\\\/\"]}]},{\"@type\":\"ImageObject\",\"inLanguage\":\"es\",\"@id\":\"https:\\\/\\\/ihr-advisors.com\\\/what-we-do\\\/#primaryimage\",\"url\":\"https:\\\/\\\/ihr-advisors.com\\\/wp-content\\\/uploads\\\/2025\\\/03\\\/32f0e127-9792-4979-a74d-fa7446320076.png\",\"contentUrl\":\"https:\\\/\\\/ihr-advisors.com\\\/wp-content\\\/uploads\\\/2025\\\/03\\\/32f0e127-9792-4979-a74d-fa7446320076.png\",\"width\":1248,\"height\":832},{\"@type\":\"BreadcrumbList\",\"@id\":\"https:\\\/\\\/ihr-advisors.com\\\/what-we-do\\\/#breadcrumb\",\"itemListElement\":[{\"@type\":\"ListItem\",\"position\":1,\"name\":\"Home\",\"item\":\"https:\\\/\\\/ihr-advisors.com\\\/\"},{\"@type\":\"ListItem\",\"position\":2,\"name\":\"What We Do\"}]},{\"@type\":\"WebSite\",\"@id\":\"https:\\\/\\\/ihr-advisors.com\\\/#website\",\"url\":\"https:\\\/\\\/ihr-advisors.com\\\/\",\"name\":\"IHR Advisors\",\"description\":\"We are leading international lawyers and human rights experts. We advise governments, individuals, NGOs and companies\",\"potentialAction\":[{\"@type\":\"SearchAction\",\"target\":{\"@type\":\"EntryPoint\",\"urlTemplate\":\"https:\\\/\\\/ihr-advisors.com\\\/?s={search_term_string}\"},\"query-input\":{\"@type\":\"PropertyValueSpecification\",\"valueRequired\":true,\"valueName\":\"search_term_string\"}}],\"inLanguage\":\"es\"}]}<\/script>\n<!-- \/ Yoast SEO plugin. -->","yoast_head_json":{"title":"International Law | Sanctions | Interpol Defense | IHR Advisors","description":"Asesoramos a gobiernos, organizaciones y particulares sobre algunos de los retos jur\u00eddicos y pol\u00edticos m\u00e1s complejos del mundo.","robots":{"index":"index","follow":"follow","max-snippet":"max-snippet:-1","max-image-preview":"max-image-preview:large","max-video-preview":"max-video-preview:-1"},"canonical":"https:\/\/ihr-advisors.com\/es\/what-we-do\/","og_locale":"es_ES","og_type":"article","og_title":"International Law | Sanctions | Interpol Defense | IHR Advisors","og_description":"How We Can Help We manage litigation and campaigns, and represent our clients on any issue from submissions to the UN, cross-border fraud cases, to reputation management. We are experts in communicating our clients\u2019 message to realise their ambitions. We recognise that the legal process is much more to our clients than a successful outcome [&hellip;]","og_url":"https:\/\/ihr-advisors.com\/es\/what-we-do\/","og_site_name":"IHR Advisors","article_modified_time":"2025-09-25T11:26:18+00:00","og_image":[{"width":1024,"height":683,"url":"https:\/\/ihr-advisors.com\/wp-content\/uploads\/2025\/03\/32f0e127-9792-4979-a74d-fa7446320076-1024x683.png","type":"image\/png"}],"twitter_card":"summary_large_image","twitter_misc":{"Tiempo de lectura":"4 minutos"},"schema":{"@context":"https:\/\/schema.org","@graph":[{"@type":"WebPage","@id":"https:\/\/ihr-advisors.com\/what-we-do\/","url":"https:\/\/ihr-advisors.com\/what-we-do\/","name":"International Law | Sanctions | Interpol Defense | IHR Advisors","isPartOf":{"@id":"https:\/\/ihr-advisors.com\/#website"},"primaryImageOfPage":{"@id":"https:\/\/ihr-advisors.com\/what-we-do\/#primaryimage"},"image":{"@id":"https:\/\/ihr-advisors.com\/what-we-do\/#primaryimage"},"thumbnailUrl":"https:\/\/ihr-advisors.com\/wp-content\/uploads\/2025\/03\/32f0e127-9792-4979-a74d-fa7446320076.png","datePublished":"2025-03-19T13:15:07+00:00","dateModified":"2025-09-25T11:26:18+00:00","breadcrumb":{"@id":"https:\/\/ihr-advisors.com\/what-we-do\/#breadcrumb"},"inLanguage":"es","potentialAction":[{"@type":"ReadAction","target":["https:\/\/ihr-advisors.com\/what-we-do\/"]}]},{"@type":"ImageObject","inLanguage":"es","@id":"https:\/\/ihr-advisors.com\/what-we-do\/#primaryimage","url":"https:\/\/ihr-advisors.com\/wp-content\/uploads\/2025\/03\/32f0e127-9792-4979-a74d-fa7446320076.png","contentUrl":"https:\/\/ihr-advisors.com\/wp-content\/uploads\/2025\/03\/32f0e127-9792-4979-a74d-fa7446320076.png","width":1248,"height":832},{"@type":"BreadcrumbList","@id":"https:\/\/ihr-advisors.com\/what-we-do\/#breadcrumb","itemListElement":[{"@type":"ListItem","position":1,"name":"Home","item":"https:\/\/ihr-advisors.com\/"},{"@type":"ListItem","position":2,"name":"What We Do"}]},{"@type":"WebSite","@id":"https:\/\/ihr-advisors.com\/#website","url":"https:\/\/ihr-advisors.com\/","name":"Asesores de RSI","description":"Somos abogados internacionalistas destacados y expertos en el derecho internacional de los derechos humanos. Asesoramos a gobiernos, empresas, particulares y ONG.","potentialAction":[{"@type":"SearchAction","target":{"@type":"EntryPoint","urlTemplate":"https:\/\/ihr-advisors.com\/?s={search_term_string}"},"query-input":{"@type":"PropertyValueSpecification","valueRequired":true,"valueName":"search_term_string"}}],"inLanguage":"es"}]}},"_links":{"self":[{"href":"https:\/\/ihr-advisors.com\/es\/wp-json\/wp\/v2\/pages\/720","targetHints":{"allow":["GET"]}}],"collection":[{"href":"https:\/\/ihr-advisors.com\/es\/wp-json\/wp\/v2\/pages"}],"about":[{"href":"https:\/\/ihr-advisors.com\/es\/wp-json\/wp\/v2\/types\/page"}],"author":[{"embeddable":true,"href":"https:\/\/ihr-advisors.com\/es\/wp-json\/wp\/v2\/users\/4"}],"replies":[{"embeddable":true,"href":"https:\/\/ihr-advisors.com\/es\/wp-json\/wp\/v2\/comments?post=720"}],"version-history":[{"count":7,"href":"https:\/\/ihr-advisors.com\/es\/wp-json\/wp\/v2\/pages\/720\/revisions"}],"predecessor-version":[{"id":1153,"href":"https:\/\/ihr-advisors.com\/es\/wp-json\/wp\/v2\/pages\/720\/revisions\/1153"}],"wp:featuredmedia":[{"embeddable":true,"href":"https:\/\/ihr-advisors.com\/es\/wp-json\/wp\/v2\/media\/1040"}],"wp:attachment":[{"href":"https:\/\/ihr-advisors.com\/es\/wp-json\/wp\/v2\/media?parent=720"}],"curies":[{"name":"wp","href":"https:\/\/api.w.org\/{rel}","templated":true}]}}